{"id":6784,"date":"2025-01-24T06:08:34","date_gmt":"2025-01-24T06:08:34","guid":{"rendered":"https:\/\/receptionremote.ch\/mentions-legales\/"},"modified":"2026-01-27T08:35:47","modified_gmt":"2026-01-27T08:35:47","slug":"mentions-legales","status":"publish","type":"page","link":"https:\/\/receptionremote.ch\/fr\/mentions-legales\/","title":{"rendered":"Mentions l\u00e9gales"},"content":{"rendered":"\t\t<div data-elementor-type=\"wp-page\" data-elementor-id=\"6784\" class=\"elementor elementor-6784 elementor-189\" data-elementor-post-type=\"page\">\n\t\t\t\t\t\t<section class=\"elementor-section elementor-top-section elementor-element elementor-element-309e06d elementor-section-stretched elementor-section-height-min-height elementor-section-boxed elementor-section-height-default elementor-section-items-middle\" data-id=\"309e06d\" data-element_type=\"section\" data-settings=\"{&quot;background_background&quot;:&quot;classic&quot;,&quot;stretch_section&quot;:&quot;section-stretched&quot;}\">\n\t\t\t\t\t\t\t<div class=\"elementor-background-overlay\"><\/div>\n\t\t\t\t\t\t\t<div class=\"elementor-container elementor-column-gap-no\">\n\t\t\t\t\t<div class=\"elementor-column elementor-col-100 elementor-top-column elementor-element elementor-element-3ad7110\" data-id=\"3ad7110\" data-element_type=\"column\">\n\t\t\t<div class=\"elementor-widget-wrap elementor-element-populated\">\n\t\t\t\t\t\t<div class=\"elementor-element elementor-element-e5417bd animated-slow elementor-invisible elementor-widget elementor-widget-heading\" data-id=\"e5417bd\" data-element_type=\"widget\" data-settings=\"{&quot;_animation&quot;:&quot;fadeInUp&quot;}\" data-widget_type=\"heading.default\">\n\t\t\t\t<div class=\"elementor-widget-container\">\n\t\t\t\t\t<h1 class=\"elementor-heading-title elementor-size-default\">Mentions l\u00e9gales\n<\/h1>\t\t\t\t<\/div>\n\t\t\t\t<\/div>\n\t\t\t\t<div class=\"elementor-element elementor-element-1adc5d3 elementor-icon-list--layout-inline elementor-align-center elementor-list-item-link-full_width elementor-widget elementor-widget-icon-list\" data-id=\"1adc5d3\" data-element_type=\"widget\" data-widget_type=\"icon-list.default\">\n\t\t\t\t<div class=\"elementor-widget-container\">\n\t\t\t\t\t\t\t<ul class=\"elementor-icon-list-items elementor-inline-items\">\n\t\t\t\t\t\t\t<li class=\"elementor-icon-list-item elementor-inline-item\">\n\t\t\t\t\t\t\t\t\t\t\t<a href=\"https:\/\/receptionremote.ch\/fr\/\">\n\n\t\t\t\t\t\t\t\t\t\t\t<span class=\"elementor-icon-list-text\">Accueil<\/span>\n\t\t\t\t\t\t\t\t\t\t\t<\/a>\n\t\t\t\t\t\t\t\t\t<\/li>\n\t\t\t\t\t\t\t\t<li class=\"elementor-icon-list-item elementor-inline-item\">\n\t\t\t\t\t\t\t\t\t\t\t<span class=\"elementor-icon-list-icon\">\n\t\t\t\t\t\t\t<svg aria-hidden=\"true\" class=\"e-font-icon-svg e-fas-angle-double-right\" viewBox=\"0 0 448 512\" xmlns=\"http:\/\/www.w3.org\/2000\/svg\"><path d=\"M224.3 273l-136 136c-9.4 9.4-24.6 9.4-33.9 0l-22.6-22.6c-9.4-9.4-9.4-24.6 0-33.9l96.4-96.4-96.4-96.4c-9.4-9.4-9.4-24.6 0-33.9L54.3 103c9.4-9.4 24.6-9.4 33.9 0l136 136c9.5 9.4 9.5 24.6.1 34zm192-34l-136-136c-9.4-9.4-24.6-9.4-33.9 0l-22.6 22.6c-9.4 9.4-9.4 24.6 0 33.9l96.4 96.4-96.4 96.4c-9.4 9.4-9.4 24.6 0 33.9l22.6 22.6c9.4 9.4 24.6 9.4 33.9 0l136-136c9.4-9.2 9.4-24.4 0-33.8z\"><\/path><\/svg>\t\t\t\t\t\t<\/span>\n\t\t\t\t\t\t\t\t\t\t<span class=\"elementor-icon-list-text\"><\/span>\n\t\t\t\t\t\t\t\t\t<\/li>\n\t\t\t\t\t\t<\/ul>\n\t\t\t\t\t\t<\/div>\n\t\t\t\t<\/div>\n\t\t\t\t\t<\/div>\n\t\t<\/div>\n\t\t\t\t\t<\/div>\n\t\t<\/section>\n\t\t\t\t<section class=\"elementor-section elementor-top-section elementor-element elementor-element-8f80ff6 elementor-section-stretched elementor-section-boxed elementor-section-height-default elementor-section-height-default\" data-id=\"8f80ff6\" data-element_type=\"section\" data-settings=\"{&quot;stretch_section&quot;:&quot;section-stretched&quot;,&quot;background_background&quot;:&quot;classic&quot;}\">\n\t\t\t\t\t\t<div class=\"elementor-container elementor-column-gap-no\">\n\t\t\t\t\t<div class=\"elementor-column elementor-col-100 elementor-top-column elementor-element elementor-element-80a6772\" data-id=\"80a6772\" data-element_type=\"column\">\n\t\t\t<div class=\"elementor-widget-wrap elementor-element-populated\">\n\t\t\t\t\t\t<div class=\"elementor-element elementor-element-b391957 animated-slow elementor-invisible elementor-widget elementor-widget-text-editor\" data-id=\"b391957\" data-element_type=\"widget\" data-settings=\"{&quot;_animation&quot;:&quot;fadeInUp&quot;}\" data-widget_type=\"text-editor.default\">\n\t\t\t\t<div class=\"elementor-widget-container\">\n\t\t\t\t\t\t\t\t\t<p>Adresse :<br>Reception Desk Jeanneret<br>Bahnhofstrasse 2a<br>3904 Naters<br>+41 27 552 01 72<\/p>\n<p>Forme juridique :<br>Entreprise individuelle<\/p>\n<p>Directeur g\u00e9n\u00e9ral :<br>Fabienne Jeanneret<\/p>\n<p>Num\u00e9ro de registre du commerce :<\/p>\n<p>Num\u00e9ro de taxe sur la valeur ajout\u00e9e (TVA) :<\/p>\n<p>AVIS SUR LE R\u00c8GLEMENT DES LITIGES EN LIGNE DANS L&rsquo;UNION EUROP\u00c9ENNE (UNIQUEMENT POUR LES CONSOMMATEURS R\u00c9SIDANT DANS L&rsquo;UNION EUROP\u00c9ENNE)<\/p>\n<p>La Commission europ\u00e9enne met \u00e0 disposition une plateforme de r\u00e8glement en ligne des litiges sur <a href=\"https:\/\/ec.europa.eu\/consumers\/odr\/main\/index.cfm?event=main.home.show&amp;lng=DE\">https:\/\/ec.europa.eu\/consumers\/odr\/main\/index.cfm?event=main.home.show&amp;lng=DE<\/a> (plateforme OS).<\/p>\n<p>D\u00c9CHARGE DE RESPONSABILIT\u00c9<br><span style=\"font-style: inherit; font-weight: inherit; background-color: var(--ast-global-color-4);\">Aucune garantie n&rsquo;est donn\u00e9e quant \u00e0 l&rsquo;exactitude, la pr\u00e9cision, l&rsquo;actualit\u00e9, la fiabilit\u00e9 et l&rsquo;exhaustivit\u00e9 du contenu des informations.<\/span><\/p>\n<p>Dans la mesure o\u00f9 la loi le permet, nous d\u00e9clinons toute responsabilit\u00e9 pour les dommages mat\u00e9riels ou immat\u00e9riels caus\u00e9s par l&rsquo;acc\u00e8s, l&rsquo;utilisation ou la non-utilisation des informations publi\u00e9es, par une mauvaise utilisation de la connexion ou par des probl\u00e8mes techniques.&nbsp;<\/p>\n<p>LIENS EXTERNES<br>Malgr\u00e9 un contr\u00f4le minutieux du contenu, nous n&rsquo;assumons aucune responsabilit\u00e9 pour le contenu des liens externes. Seuls les exploitants de ces sites sont responsables de leur contenu. <\/p>\n<p>COPYRIGHT<br>La reprise et l&rsquo;utilisation des textes, images, vid\u00e9os, pr\u00e9sentations et donn\u00e9es sont interdites, sauf autorisation de Jeanneret Business Solutions GmbH. Le logo et les compositions de couleurs ne peuvent pas \u00eatre utilis\u00e9s \u00e0 d&rsquo;autres fins. <\/p>\n<p>DROITS D&rsquo;AUTEUR<br>Les droits d&rsquo;auteur et tous les autres droits li\u00e9s aux contenus, images, vid\u00e9os, photos ou autres fichiers pr\u00e9sents sur le site sont la propri\u00e9t\u00e9 exclusive de Jeanneret Business Solutions ou des titulaires de droits sp\u00e9cifiquement mentionn\u00e9s. L&rsquo;autorisation \u00e9crite des d\u00e9tenteurs des droits d&rsquo;auteur doit \u00eatre obtenue au pr\u00e9alable pour la reproduction de tout \u00e9l\u00e9ment. <\/p>\n<p>PROTECTION DES DONNEES ET AUTRES REGLEMENTS<br>Nous ne pouvons pas garantir la s\u00e9curit\u00e9 de la transmission des donn\u00e9es sur Internet. En particulier, la transmission de donn\u00e9es par e-mail comporte un risque d&rsquo;acc\u00e8s par des tiers. <\/p>\n<p>L&rsquo;utilisation des donn\u00e9es de contact publi\u00e9es dans les mentions l\u00e9gales par des tiers \u00e0 des fins publicitaires est express\u00e9ment interdite. L&rsquo;exploitant se r\u00e9serve express\u00e9ment le droit d&rsquo;engager des poursuites judiciaires en cas d&rsquo;envoi de mat\u00e9riel publicitaire ou d&rsquo;information non sollicit\u00e9. <\/p>\n<p>Si certaines dispositions ou formulations de la pr\u00e9sente clause de non-responsabilit\u00e9 sont ou deviennent caduques, le contenu et la validit\u00e9 des autres dispositions n&rsquo;en sont pas affect\u00e9s.<\/p>\n<p>Date : 7.11.2023<\/p>\t\t\t\t\t\t\t\t<\/div>\n\t\t\t\t<\/div>\n\t\t\t\t\t<\/div>\n\t\t<\/div>\n\t\t\t\t\t<\/div>\n\t\t<\/section>\n\t\t\t\t<\/div>\n\t\t","protected":false},"excerpt":{"rendered":"<p>Mentions l\u00e9gales Accueil Adresse :Reception Desk JeanneretBahnhofstrasse 2a3904 Naters+41 27 552 01 72 Forme juridique :Entreprise individuelle Directeur g\u00e9n\u00e9ral :Fabienne [&hellip;]<\/p>\n","protected":false},"author":1,"featured_media":0,"parent":0,"menu_order":0,"comment_status":"closed","ping_status":"closed","template":"elementor_header_footer","meta":{"site-sidebar-layout":"no-sidebar","site-content-layout":"","ast-site-content-layout":"full-width-container","site-content-style":"default","site-sidebar-style":"default","ast-global-header-display":"","ast-banner-title-visibility":"","ast-main-header-display":"","ast-hfb-above-header-display":"","ast-hfb-below-header-display":"","ast-hfb-mobile-header-display":"","site-post-title":"disabled","ast-breadcrumbs-content":"","ast-featured-img":"disabled","footer-sml-layout":"","theme-transparent-header-meta":"default","adv-header-id-meta":"","stick-header-meta":"","header-above-stick-meta":"","header-main-stick-meta":"","header-below-stick-meta":"","astra-migrate-meta-layouts":"default","ast-page-background-enabled":"default","ast-page-background-meta":{"desktop":{"background-color":"var(--ast-global-color-5)","background-image":"","background-repeat":"repeat","background-position":"center center","background-size":"auto","background-attachment":"scroll","background-type":"","background-media":"","overlay-type":"","overlay-color":"","overlay-opacity":"","overlay-gradient":""},"tablet":{"background-color":"","background-image":"","background-repeat":"repeat","background-position":"center center","background-size":"auto","background-attachment":"scroll","background-type":"","background-media":"","overlay-type":"","overlay-color":"","overlay-opacity":"","overlay-gradient":""},"mobile":{"background-color":"","background-image":"","background-repeat":"repeat","background-position":"center center","background-size":"auto","background-attachment":"scroll","background-type":"","background-media":"","overlay-type":"","overlay-color":"","overlay-opacity":"","overlay-gradient":""}},"ast-content-background-meta":{"desktop":{"background-color":"var(--ast-global-color-4)","background-image":"","background-repeat":"repeat","background-position":"center center","background-size":"auto","background-attachment":"scroll","background-type":"","background-media":"","overlay-type":"","overlay-color":"","overlay-opacity":"","overlay-gradient":""},"tablet":{"background-color":"var(--ast-global-color-4)","background-image":"","background-repeat":"repeat","background-position":"center center","background-size":"auto","background-attachment":"scroll","background-type":"","background-media":"","overlay-type":"","overlay-color":"","overlay-opacity":"","overlay-gradient":""},"mobile":{"background-color":"var(--ast-global-color-4)","background-image":"","background-repeat":"repeat","background-position":"center center","background-size":"auto","background-attachment":"scroll","background-type":"","background-media":"","overlay-type":"","overlay-color":"","overlay-opacity":"","overlay-gradient":""}},"footnotes":""},"class_list":["post-6784","page","type-page","status-publish","hentry"],"yoast_head":"<!-- This site is optimized with the Yoast SEO plugin v27.4 - https:\/\/yoast.com\/product\/yoast-seo-wordpress\/ -->\n<title>Mentions l\u00e9gales - RECEPTION REMOTE<\/title>\n<meta name=\"robots\" content=\"index, follow, max-snippet:-1, max-image-preview:large, max-video-preview:-1\" \/>\n<link rel=\"canonical\" href=\"https:\/\/receptionremote.ch\/fr\/mentions-legales\/\" \/>\n<meta property=\"og:locale\" content=\"fr_FR\" \/>\n<meta property=\"og:type\" content=\"article\" \/>\n<meta property=\"og:title\" content=\"Mentions l\u00e9gales - RECEPTION REMOTE\" \/>\n<meta property=\"og:description\" content=\"Mentions l\u00e9gales Accueil Adresse :Reception Desk JeanneretBahnhofstrasse 2a3904 Naters+41 27 552 01 72 Forme juridique :Entreprise individuelle Directeur g\u00e9n\u00e9ral :Fabienne [&hellip;]\" \/>\n<meta property=\"og:url\" content=\"https:\/\/receptionremote.ch\/fr\/mentions-legales\/\" \/>\n<meta property=\"og:site_name\" content=\"RECEPTION REMOTE\" \/>\n<meta property=\"article:modified_time\" content=\"2026-01-27T08:35:47+00:00\" \/>\n<meta name=\"twitter:card\" content=\"summary_large_image\" \/>\n<meta name=\"twitter:label1\" content=\"Dur\u00e9e de lecture estim\u00e9e\" \/>\n\t<meta name=\"twitter:data1\" content=\"2 minutes\" \/>\n<script type=\"application\/ld+json\" class=\"yoast-schema-graph\">{\"@context\":\"https:\\\/\\\/schema.org\",\"@graph\":[{\"@type\":\"WebPage\",\"@id\":\"https:\\\/\\\/receptionremote.ch\\\/fr\\\/mentions-legales\\\/\",\"url\":\"https:\\\/\\\/receptionremote.ch\\\/fr\\\/mentions-legales\\\/\",\"name\":\"Mentions l\u00e9gales - RECEPTION REMOTE\",\"isPartOf\":{\"@id\":\"https:\\\/\\\/receptionremote.ch\\\/#website\"},\"datePublished\":\"2025-01-24T06:08:34+00:00\",\"dateModified\":\"2026-01-27T08:35:47+00:00\",\"breadcrumb\":{\"@id\":\"https:\\\/\\\/receptionremote.ch\\\/fr\\\/mentions-legales\\\/#breadcrumb\"},\"inLanguage\":\"fr-FR\",\"potentialAction\":[{\"@type\":\"ReadAction\",\"target\":[\"https:\\\/\\\/receptionremote.ch\\\/fr\\\/mentions-legales\\\/\"]}]},{\"@type\":\"BreadcrumbList\",\"@id\":\"https:\\\/\\\/receptionremote.ch\\\/fr\\\/mentions-legales\\\/#breadcrumb\",\"itemListElement\":[{\"@type\":\"ListItem\",\"position\":1,\"name\":\"Home\",\"item\":\"https:\\\/\\\/receptionremote.ch\\\/fr\\\/reception-a-distance-hospitality-backoffice\\\/\"},{\"@type\":\"ListItem\",\"position\":2,\"name\":\"Mentions l\u00e9gales\"}]},{\"@type\":\"WebSite\",\"@id\":\"https:\\\/\\\/receptionremote.ch\\\/#website\",\"url\":\"https:\\\/\\\/receptionremote.ch\\\/\",\"name\":\"RECEPTION REMOTE\",\"description\":\"Externes Reservationsb\u00fcro f\u00fcr Hotels &amp; Appartements\",\"publisher\":{\"@id\":\"https:\\\/\\\/receptionremote.ch\\\/#organization\"},\"potentialAction\":[{\"@type\":\"SearchAction\",\"target\":{\"@type\":\"EntryPoint\",\"urlTemplate\":\"https:\\\/\\\/receptionremote.ch\\\/?s={search_term_string}\"},\"query-input\":{\"@type\":\"PropertyValueSpecification\",\"valueRequired\":true,\"valueName\":\"search_term_string\"}}],\"inLanguage\":\"fr-FR\"},{\"@type\":\"Organization\",\"@id\":\"https:\\\/\\\/receptionremote.ch\\\/#organization\",\"name\":\"RECEPTION REMOTE\",\"url\":\"https:\\\/\\\/receptionremote.ch\\\/\",\"logo\":{\"@type\":\"ImageObject\",\"inLanguage\":\"fr-FR\",\"@id\":\"https:\\\/\\\/receptionremote.ch\\\/#\\\/schema\\\/logo\\\/image\\\/\",\"url\":\"https:\\\/\\\/receptionremote.ch\\\/wp-content\\\/uploads\\\/2025\\\/01\\\/Original-Logo.png\",\"contentUrl\":\"https:\\\/\\\/receptionremote.ch\\\/wp-content\\\/uploads\\\/2025\\\/01\\\/Original-Logo.png\",\"width\":2079,\"height\":1113,\"caption\":\"RECEPTION REMOTE\"},\"image\":{\"@id\":\"https:\\\/\\\/receptionremote.ch\\\/#\\\/schema\\\/logo\\\/image\\\/\"}}]}<\/script>\n<!-- \/ Yoast SEO plugin. -->","yoast_head_json":{"title":"Mentions l\u00e9gales - RECEPTION REMOTE","robots":{"index":"index","follow":"follow","max-snippet":"max-snippet:-1","max-image-preview":"max-image-preview:large","max-video-preview":"max-video-preview:-1"},"canonical":"https:\/\/receptionremote.ch\/fr\/mentions-legales\/","og_locale":"fr_FR","og_type":"article","og_title":"Mentions l\u00e9gales - RECEPTION REMOTE","og_description":"Mentions l\u00e9gales Accueil Adresse :Reception Desk JeanneretBahnhofstrasse 2a3904 Naters+41 27 552 01 72 Forme juridique :Entreprise individuelle Directeur g\u00e9n\u00e9ral :Fabienne [&hellip;]","og_url":"https:\/\/receptionremote.ch\/fr\/mentions-legales\/","og_site_name":"RECEPTION REMOTE","article_modified_time":"2026-01-27T08:35:47+00:00","twitter_card":"summary_large_image","twitter_misc":{"Dur\u00e9e de lecture estim\u00e9e":"2 minutes"},"schema":{"@context":"https:\/\/schema.org","@graph":[{"@type":"WebPage","@id":"https:\/\/receptionremote.ch\/fr\/mentions-legales\/","url":"https:\/\/receptionremote.ch\/fr\/mentions-legales\/","name":"Mentions l\u00e9gales - RECEPTION REMOTE","isPartOf":{"@id":"https:\/\/receptionremote.ch\/#website"},"datePublished":"2025-01-24T06:08:34+00:00","dateModified":"2026-01-27T08:35:47+00:00","breadcrumb":{"@id":"https:\/\/receptionremote.ch\/fr\/mentions-legales\/#breadcrumb"},"inLanguage":"fr-FR","potentialAction":[{"@type":"ReadAction","target":["https:\/\/receptionremote.ch\/fr\/mentions-legales\/"]}]},{"@type":"BreadcrumbList","@id":"https:\/\/receptionremote.ch\/fr\/mentions-legales\/#breadcrumb","itemListElement":[{"@type":"ListItem","position":1,"name":"Home","item":"https:\/\/receptionremote.ch\/fr\/reception-a-distance-hospitality-backoffice\/"},{"@type":"ListItem","position":2,"name":"Mentions l\u00e9gales"}]},{"@type":"WebSite","@id":"https:\/\/receptionremote.ch\/#website","url":"https:\/\/receptionremote.ch\/","name":"RECEPTION REMOTE","description":"Externes Reservationsb\u00fcro f\u00fcr Hotels &amp; Appartements","publisher":{"@id":"https:\/\/receptionremote.ch\/#organization"},"potentialAction":[{"@type":"SearchAction","target":{"@type":"EntryPoint","urlTemplate":"https:\/\/receptionremote.ch\/?s={search_term_string}"},"query-input":{"@type":"PropertyValueSpecification","valueRequired":true,"valueName":"search_term_string"}}],"inLanguage":"fr-FR"},{"@type":"Organization","@id":"https:\/\/receptionremote.ch\/#organization","name":"RECEPTION REMOTE","url":"https:\/\/receptionremote.ch\/","logo":{"@type":"ImageObject","inLanguage":"fr-FR","@id":"https:\/\/receptionremote.ch\/#\/schema\/logo\/image\/","url":"https:\/\/receptionremote.ch\/wp-content\/uploads\/2025\/01\/Original-Logo.png","contentUrl":"https:\/\/receptionremote.ch\/wp-content\/uploads\/2025\/01\/Original-Logo.png","width":2079,"height":1113,"caption":"RECEPTION REMOTE"},"image":{"@id":"https:\/\/receptionremote.ch\/#\/schema\/logo\/image\/"}}]}},"_links":{"self":[{"href":"https:\/\/receptionremote.ch\/fr\/wp-json\/wp\/v2\/pages\/6784","targetHints":{"allow":["GET"]}}],"collection":[{"href":"https:\/\/receptionremote.ch\/fr\/wp-json\/wp\/v2\/pages"}],"about":[{"href":"https:\/\/receptionremote.ch\/fr\/wp-json\/wp\/v2\/types\/page"}],"author":[{"embeddable":true,"href":"https:\/\/receptionremote.ch\/fr\/wp-json\/wp\/v2\/users\/1"}],"replies":[{"embeddable":true,"href":"https:\/\/receptionremote.ch\/fr\/wp-json\/wp\/v2\/comments?post=6784"}],"version-history":[{"count":1,"href":"https:\/\/receptionremote.ch\/fr\/wp-json\/wp\/v2\/pages\/6784\/revisions"}],"predecessor-version":[{"id":6786,"href":"https:\/\/receptionremote.ch\/fr\/wp-json\/wp\/v2\/pages\/6784\/revisions\/6786"}],"wp:attachment":[{"href":"https:\/\/receptionremote.ch\/fr\/wp-json\/wp\/v2\/media?parent=6784"}],"curies":[{"name":"wp","href":"https:\/\/api.w.org\/{rel}","templated":true}]}}